{"id":329,"date":"2024-06-21T12:11:01","date_gmt":"2024-06-21T10:11:01","guid":{"rendered":"https:\/\/pevan.eleves.mediamatique.ch\/orbe-organics\/?page_id=329"},"modified":"2024-06-21T15:29:05","modified_gmt":"2024-06-21T13:29:05","slug":"review","status":"publish","type":"page","link":"https:\/\/pevan.eleves.mediamatique.ch\/orbe-organics\/review\/","title":{"rendered":"Reviews"},"content":{"rendered":"\t\t<div data-elementor-type=\"wp-page\" data-elementor-id=\"329\" class=\"elementor elementor-329\" data-elementor-post-type=\"page\">\n\t\t\t\t<div class=\"elementor-element elementor-element-c6c398a e-flex e-con-boxed e-con e-parent\" data-id=\"c6c398a\" data-element_type=\"container\">\n\t\t\t\t\t<div class=\"e-con-inner\">\n\t\t\t\t<div class=\"elementor-element elementor-element-0e99c91 elementor-widget elementor-widget-heading\" data-id=\"0e99c91\" data-element_type=\"widget\" data-widget_type=\"heading.default\">\n\t\t\t\t<div class=\"elementor-widget-container\">\n\t\t\t<style>\/*! elementor - v3.22.0 - 17-06-2024 *\/\n.elementor-heading-title{padding:0;margin:0;line-height:1}.elementor-widget-heading .elementor-heading-title[class*=elementor-size-]>a{color:inherit;font-size:inherit;line-height:inherit}.elementor-widget-heading .elementor-heading-title.elementor-size-small{font-size:15px}.elementor-widget-heading .elementor-heading-title.elementor-size-medium{font-size:19px}.elementor-widget-heading .elementor-heading-title.elementor-size-large{font-size:29px}.elementor-widget-heading .elementor-heading-title.elementor-size-xl{font-size:39px}.elementor-widget-heading .elementor-heading-title.elementor-size-xxl{font-size:59px}<\/style><h2 class=\"elementor-heading-title elementor-size-default\">Reviews<\/h2>\t\t<\/div>\n\t\t\t\t<\/div>\n\t\t\t\t\t<\/div>\n\t\t\t\t<\/div>\n\t\t<div class=\"elementor-element elementor-element-754221f e-flex e-con-boxed e-con e-parent\" data-id=\"754221f\" data-element_type=\"container\">\n\t\t\t\t\t<div class=\"e-con-inner\">\n\t\t\t\t<div class=\"elementor-element elementor-element-2c051d7 elementor-widget elementor-widget-text-editor\" data-id=\"2c051d7\" data-element_type=\"widget\" data-widget_type=\"text-editor.default\">\n\t\t\t\t<div class=\"elementor-widget-container\">\n\t\t\t<style>\/*! elementor - v3.22.0 - 17-06-2024 *\/\n.elementor-widget-text-editor.elementor-drop-cap-view-stacked .elementor-drop-cap{background-color:#69727d;color:#fff}.elementor-widget-text-editor.elementor-drop-cap-view-framed .elementor-drop-cap{color:#69727d;border:3px solid;background-color:transparent}.elementor-widget-text-editor:not(.elementor-drop-cap-view-default) .elementor-drop-cap{margin-top:8px}.elementor-widget-text-editor:not(.elementor-drop-cap-view-default) .elementor-drop-cap-letter{width:1em;height:1em}.elementor-widget-text-editor .elementor-drop-cap{float:left;text-align:center;line-height:1;font-size:50px}.elementor-widget-text-editor .elementor-drop-cap-letter{display:inline-block}<\/style>\t\t\t\t<p>Ces reviews vous permettront de vous faire un premier avis sur nos articles et \u00e0 vous rendre compte si le produit propos\u00e9 vous sera utile. Ces avis ont \u00e9t\u00e9s r\u00e9dig\u00e9s par des personnes mandat\u00e9es pour donner leur avis et nous cr\u00e9er ces avis personnels.<\/p>\t\t\t\t\t\t<\/div>\n\t\t\t\t<\/div>\n\t\t\t\t<div class=\"elementor-element elementor-element-0115665 elementor-grid-3 elementor-grid-tablet-2 elementor-grid-mobile-1 elementor-posts--thumbnail-top elementor-widget elementor-widget-posts\" data-id=\"0115665\" data-element_type=\"widget\" data-settings=\"{&quot;classic_columns&quot;:&quot;3&quot;,&quot;classic_columns_tablet&quot;:&quot;2&quot;,&quot;classic_columns_mobile&quot;:&quot;1&quot;,&quot;classic_row_gap&quot;:{&quot;unit&quot;:&quot;px&quot;,&quot;size&quot;:35,&quot;sizes&quot;:[]},&quot;classic_row_gap_tablet&quot;:{&quot;unit&quot;:&quot;px&quot;,&quot;size&quot;:&quot;&quot;,&quot;sizes&quot;:[]},&quot;classic_row_gap_mobile&quot;:{&quot;unit&quot;:&quot;px&quot;,&quot;size&quot;:&quot;&quot;,&quot;sizes&quot;:[]}}\" data-widget_type=\"posts.classic\">\n\t\t\t\t<div class=\"elementor-widget-container\">\n\t\t\t<link rel=\"stylesheet\" href=\"https:\/\/pevan.eleves.mediamatique.ch\/orbe-organics\/wp-content\/plugins\/elementor-pro\/assets\/css\/widget-posts.min.css\">\t\t<div class=\"elementor-posts-container elementor-posts elementor-posts--skin-classic elementor-grid\">\n\t\t\t\t<article class=\"elementor-post elementor-grid-item post-316 post type-post status-publish format-standard has-post-thumbnail hentry category-review\">\n\t\t\t\t<a class=\"elementor-post__thumbnail__link\" href=\"https:\/\/pevan.eleves.mediamatique.ch\/orbe-organics\/2024\/06\/21\/amoseeds-complexe-foie\/\" tabindex=\"-1\" >\n\t\t\t<div class=\"elementor-post__thumbnail\"><img fetchpriority=\"high\" decoding=\"async\" width=\"194\" height=\"300\" src=\"https:\/\/pevan.eleves.mediamatique.ch\/orbe-organics\/wp-content\/uploads\/2024\/06\/61D88GWnxL._AC_SY550_-194x300.jpg\" class=\"attachment-medium size-medium wp-image-128\" alt=\"\" srcset=\"https:\/\/pevan.eleves.mediamatique.ch\/orbe-organics\/wp-content\/uploads\/2024\/06\/61D88GWnxL._AC_SY550_-194x300.jpg 194w, https:\/\/pevan.eleves.mediamatique.ch\/orbe-organics\/wp-content\/uploads\/2024\/06\/61D88GWnxL._AC_SY550_.jpg 356w\" sizes=\"(max-width: 194px) 100vw, 194px\" \/><\/div>\n\t\t<\/a>\n\t\t\t\t<div class=\"elementor-post__text\">\n\t\t\t\t<h3 class=\"elementor-post__title\">\n\t\t\t<a href=\"https:\/\/pevan.eleves.mediamatique.ch\/orbe-organics\/2024\/06\/21\/amoseeds-complexe-foie\/\" >\n\t\t\t\tAmoseeds &#8211; Complexe Foie\t\t\t<\/a>\n\t\t<\/h3>\n\t\t\t\t<div class=\"elementor-post__meta-data\">\n\t\t\t\t\t<span class=\"elementor-post-date\">\n\t\t\t21 juin 2024\t\t<\/span>\n\t\t\t\t<span class=\"elementor-post-avatar\">\n\t\t\tUn commentaire\t\t<\/span>\n\t\t\t\t<\/div>\n\t\t\t\t<div class=\"elementor-post__excerpt\">\n\t\t\t<p>Review du Produit : Complexe Foie Bio Puissant D\u00e9toxifiant et Draineur J&rsquo;ai r\u00e9cemment essay\u00e9 le Complexe Foie Bio et je suis extr\u00eamement satisfait des r\u00e9sultats.<\/p>\n\t\t<\/div>\n\t\t\n\t\t<a class=\"elementor-post__read-more\" href=\"https:\/\/pevan.eleves.mediamatique.ch\/orbe-organics\/2024\/06\/21\/amoseeds-complexe-foie\/\" aria-label=\"En savoir plus sur Amoseeds &#8211; Complexe Foie\" tabindex=\"-1\" >\n\t\t\tLire la suite \u00bb\t\t<\/a>\n\n\t\t\t\t<\/div>\n\t\t\t\t<\/article>\n\t\t\t\t<article class=\"elementor-post elementor-grid-item post-308 post type-post status-publish format-standard has-post-thumbnail hentry category-review\">\n\t\t\t\t<a class=\"elementor-post__thumbnail__link\" href=\"https:\/\/pevan.eleves.mediamatique.ch\/orbe-organics\/2024\/06\/21\/spiruline-bio\/\" tabindex=\"-1\" >\n\t\t\t<div class=\"elementor-post__thumbnail\"><img decoding=\"async\" width=\"198\" height=\"300\" src=\"https:\/\/pevan.eleves.mediamatique.ch\/orbe-organics\/wp-content\/uploads\/2024\/06\/61dbvW6WFpL._AC_SX425_PIbundle-100TopRight00_SH20_-198x300.jpg\" class=\"attachment-medium size-medium wp-image-101\" alt=\"\" srcset=\"https:\/\/pevan.eleves.mediamatique.ch\/orbe-organics\/wp-content\/uploads\/2024\/06\/61dbvW6WFpL._AC_SX425_PIbundle-100TopRight00_SH20_-198x300.jpg 198w, https:\/\/pevan.eleves.mediamatique.ch\/orbe-organics\/wp-content\/uploads\/2024\/06\/61dbvW6WFpL._AC_SX425_PIbundle-100TopRight00_SH20_.jpg 425w\" sizes=\"(max-width: 198px) 100vw, 198px\" \/><\/div>\n\t\t<\/a>\n\t\t\t\t<div class=\"elementor-post__text\">\n\t\t\t\t<h3 class=\"elementor-post__title\">\n\t\t\t<a href=\"https:\/\/pevan.eleves.mediamatique.ch\/orbe-organics\/2024\/06\/21\/spiruline-bio\/\" >\n\t\t\t\tSpiruline Bio\t\t\t<\/a>\n\t\t<\/h3>\n\t\t\t\t<div class=\"elementor-post__meta-data\">\n\t\t\t\t\t<span class=\"elementor-post-date\">\n\t\t\t21 juin 2024\t\t<\/span>\n\t\t\t\t<span class=\"elementor-post-avatar\">\n\t\t\tAucun commentaire\t\t<\/span>\n\t\t\t\t<\/div>\n\t\t\t\t<div class=\"elementor-post__excerpt\">\n\t\t\t<p>Review du Produit : Spiruline Detox Organica Produit de Qualit\u00e9, Certifi\u00e9 Bio J&rsquo;ai r\u00e9cemment essay\u00e9 la Spiruline (Arthrospiral) platensis Detox Organica et je suis impressionn\u00e9<\/p>\n\t\t<\/div>\n\t\t\n\t\t<a class=\"elementor-post__read-more\" href=\"https:\/\/pevan.eleves.mediamatique.ch\/orbe-organics\/2024\/06\/21\/spiruline-bio\/\" aria-label=\"En savoir plus sur Spiruline Bio\" tabindex=\"-1\" >\n\t\t\tLire la suite \u00bb\t\t<\/a>\n\n\t\t\t\t<\/div>\n\t\t\t\t<\/article>\n\t\t\t\t<article class=\"elementor-post elementor-grid-item post-292 post type-post status-publish format-standard has-post-thumbnail hentry category-review\">\n\t\t\t\t<a class=\"elementor-post__thumbnail__link\" href=\"https:\/\/pevan.eleves.mediamatique.ch\/orbe-organics\/2024\/06\/21\/vitamine-c\/\" tabindex=\"-1\" >\n\t\t\t<div class=\"elementor-post__thumbnail\"><img decoding=\"async\" width=\"228\" height=\"300\" src=\"https:\/\/pevan.eleves.mediamatique.ch\/orbe-organics\/wp-content\/uploads\/2024\/06\/Vitamine-C-cynorrhodon-2021-08-dimension-site-web-light-bas-scaled-2-228x300.jpg\" class=\"attachment-medium size-medium wp-image-133\" alt=\"\" srcset=\"https:\/\/pevan.eleves.mediamatique.ch\/orbe-organics\/wp-content\/uploads\/2024\/06\/Vitamine-C-cynorrhodon-2021-08-dimension-site-web-light-bas-scaled-2-228x300.jpg 228w, https:\/\/pevan.eleves.mediamatique.ch\/orbe-organics\/wp-content\/uploads\/2024\/06\/Vitamine-C-cynorrhodon-2021-08-dimension-site-web-light-bas-scaled-2-779x1024.jpg 779w, https:\/\/pevan.eleves.mediamatique.ch\/orbe-organics\/wp-content\/uploads\/2024\/06\/Vitamine-C-cynorrhodon-2021-08-dimension-site-web-light-bas-scaled-2-768x1009.jpg 768w, https:\/\/pevan.eleves.mediamatique.ch\/orbe-organics\/wp-content\/uploads\/2024\/06\/Vitamine-C-cynorrhodon-2021-08-dimension-site-web-light-bas-scaled-2-1169x1536.jpg 1169w, https:\/\/pevan.eleves.mediamatique.ch\/orbe-organics\/wp-content\/uploads\/2024\/06\/Vitamine-C-cynorrhodon-2021-08-dimension-site-web-light-bas-scaled-2-1558x2048.jpg 1558w, https:\/\/pevan.eleves.mediamatique.ch\/orbe-organics\/wp-content\/uploads\/2024\/06\/Vitamine-C-cynorrhodon-2021-08-dimension-site-web-light-bas-scaled-2-600x789.jpg 600w, https:\/\/pevan.eleves.mediamatique.ch\/orbe-organics\/wp-content\/uploads\/2024\/06\/Vitamine-C-cynorrhodon-2021-08-dimension-site-web-light-bas-scaled-2.jpg 1948w\" sizes=\"(max-width: 228px) 100vw, 228px\" \/><\/div>\n\t\t<\/a>\n\t\t\t\t<div class=\"elementor-post__text\">\n\t\t\t\t<h3 class=\"elementor-post__title\">\n\t\t\t<a href=\"https:\/\/pevan.eleves.mediamatique.ch\/orbe-organics\/2024\/06\/21\/vitamine-c\/\" >\n\t\t\t\tVitamine C\t\t\t<\/a>\n\t\t<\/h3>\n\t\t\t\t<div class=\"elementor-post__meta-data\">\n\t\t\t\t\t<span class=\"elementor-post-date\">\n\t\t\t21 juin 2024\t\t<\/span>\n\t\t\t\t<span class=\"elementor-post-avatar\">\n\t\t\tUn commentaire\t\t<\/span>\n\t\t\t\t<\/div>\n\t\t\t\t<div class=\"elementor-post__excerpt\">\n\t\t\t<p>Review du Produit : Vitamine C Naturelle aux Cynorrhodons J&rsquo;ai r\u00e9cemment essay\u00e9 la vitamine C naturelle issue des fruits de l\u2019\u00e9glantier, aussi appel\u00e9s cynorrhodons, et<\/p>\n\t\t<\/div>\n\t\t\n\t\t<a class=\"elementor-post__read-more\" href=\"https:\/\/pevan.eleves.mediamatique.ch\/orbe-organics\/2024\/06\/21\/vitamine-c\/\" aria-label=\"En savoir plus sur Vitamine C\" tabindex=\"-1\" >\n\t\t\tLire la suite \u00bb\t\t<\/a>\n\n\t\t\t\t<\/div>\n\t\t\t\t<\/article>\n\t\t\t\t<\/div>\n\t\t\n\t\t\t\t<\/div>\n\t\t\t\t<\/div>\n\t\t\t\t\t<\/div>\n\t\t\t\t<\/div>\n\t\t\t\t<\/div>\n\t\t","protected":false},"excerpt":{"rendered":"<p>Reviews Ces reviews vous permettront de vous faire un premier avis sur nos articles et \u00e0 vous rendre compte si le produit propos\u00e9 vous sera utile. Ces avis ont \u00e9t\u00e9s r\u00e9dig\u00e9s par des personnes mandat\u00e9es pour donner leur avis et nous cr\u00e9er ces avis personnels.<\/p>\n","protected":false},"author":1,"featured_media":0,"parent":0,"menu_order":0,"comment_status":"closed","ping_status":"closed","template":"","meta":{"footnotes":""},"class_list":["post-329","page","type-page","status-publish","hentry"],"yoast_head":"<!-- This site is optimized with the Yoast SEO plugin v22.9 - https:\/\/yoast.com\/wordpress\/plugins\/seo\/ -->\n<title>Reviews - Orbe Organics<\/title>\n<meta name=\"robots\" content=\"index, follow, max-snippet:-1, max-image-preview:large, max-video-preview:-1\" \/>\n<link rel=\"canonical\" href=\"https:\/\/pevan.eleves.mediamatique.ch\/orbe-organics\/review\/\" \/>\n<meta property=\"og:locale\" content=\"fr_FR\" \/>\n<meta property=\"og:type\" content=\"article\" \/>\n<meta property=\"og:title\" content=\"Reviews - Orbe Organics\" \/>\n<meta property=\"og:description\" content=\"Reviews Ces reviews vous permettront de vous faire un premier avis sur nos articles et \u00e0 vous rendre compte si le produit propos\u00e9 vous sera utile. Ces avis ont \u00e9t\u00e9s r\u00e9dig\u00e9s par des personnes mandat\u00e9es pour donner leur avis et nous cr\u00e9er ces avis personnels.\" \/>\n<meta property=\"og:url\" content=\"https:\/\/pevan.eleves.mediamatique.ch\/orbe-organics\/review\/\" \/>\n<meta property=\"og:site_name\" content=\"Orbe Organics\" \/>\n<meta property=\"article:publisher\" content=\"https:\/\/fr-fr.facebook.com\/\" \/>\n<meta property=\"article:modified_time\" content=\"2024-06-21T13:29:05+00:00\" \/>\n<meta property=\"og:image\" content=\"https:\/\/pevan.eleves.mediamatique.ch\/orbe-organics\/wp-content\/uploads\/2024\/06\/CIE-4-Logo.png\" \/>\n\t<meta property=\"og:image:width\" content=\"1000\" \/>\n\t<meta property=\"og:image:height\" content=\"500\" \/>\n\t<meta property=\"og:image:type\" content=\"image\/png\" \/>\n<meta name=\"twitter:card\" content=\"summary_large_image\" \/>\n<meta name=\"twitter:site\" content=\"@Accueil\" \/>\n<meta name=\"twitter:label1\" content=\"Dur\u00e9e de lecture estim\u00e9e\" \/>\n\t<meta name=\"twitter:data1\" content=\"3 minutes\" \/>\n<script type=\"application\/ld+json\" class=\"yoast-schema-graph\">{\"@context\":\"https:\/\/schema.org\",\"@graph\":[{\"@type\":\"WebPage\",\"@id\":\"https:\/\/pevan.eleves.mediamatique.ch\/orbe-organics\/review\/\",\"url\":\"https:\/\/pevan.eleves.mediamatique.ch\/orbe-organics\/review\/\",\"name\":\"Reviews - Orbe Organics\",\"isPartOf\":{\"@id\":\"https:\/\/pevan.eleves.mediamatique.ch\/orbe-organics\/#website\"},\"datePublished\":\"2024-06-21T10:11:01+00:00\",\"dateModified\":\"2024-06-21T13:29:05+00:00\",\"breadcrumb\":{\"@id\":\"https:\/\/pevan.eleves.mediamatique.ch\/orbe-organics\/review\/#breadcrumb\"},\"inLanguage\":\"fr-FR\",\"potentialAction\":[{\"@type\":\"ReadAction\",\"target\":[\"https:\/\/pevan.eleves.mediamatique.ch\/orbe-organics\/review\/\"]}]},{\"@type\":\"BreadcrumbList\",\"@id\":\"https:\/\/pevan.eleves.mediamatique.ch\/orbe-organics\/review\/#breadcrumb\",\"itemListElement\":[{\"@type\":\"ListItem\",\"position\":1,\"name\":\"Accueil\",\"item\":\"https:\/\/pevan.eleves.mediamatique.ch\/orbe-organics\/\"},{\"@type\":\"ListItem\",\"position\":2,\"name\":\"Reviews\"}]},{\"@type\":\"WebSite\",\"@id\":\"https:\/\/pevan.eleves.mediamatique.ch\/orbe-organics\/#website\",\"url\":\"https:\/\/pevan.eleves.mediamatique.ch\/orbe-organics\/\",\"name\":\"Orbe Organics\",\"description\":\"Nourrissez votre corps, nourrissez votre esprit !\",\"publisher\":{\"@id\":\"https:\/\/pevan.eleves.mediamatique.ch\/orbe-organics\/#organization\"},\"alternateName\":\"O. Organics\",\"potentialAction\":[{\"@type\":\"SearchAction\",\"target\":{\"@type\":\"EntryPoint\",\"urlTemplate\":\"https:\/\/pevan.eleves.mediamatique.ch\/orbe-organics\/?s={search_term_string}\"},\"query-input\":\"required name=search_term_string\"}],\"inLanguage\":\"fr-FR\"},{\"@type\":\"Organization\",\"@id\":\"https:\/\/pevan.eleves.mediamatique.ch\/orbe-organics\/#organization\",\"name\":\"Orbe Organics\",\"url\":\"https:\/\/pevan.eleves.mediamatique.ch\/orbe-organics\/\",\"logo\":{\"@type\":\"ImageObject\",\"inLanguage\":\"fr-FR\",\"@id\":\"https:\/\/pevan.eleves.mediamatique.ch\/orbe-organics\/#\/schema\/logo\/image\/\",\"url\":\"https:\/\/pevan.eleves.mediamatique.ch\/orbe-organics\/wp-content\/uploads\/2024\/06\/cropped-CIE-4-Logo.png\",\"contentUrl\":\"https:\/\/pevan.eleves.mediamatique.ch\/orbe-organics\/wp-content\/uploads\/2024\/06\/cropped-CIE-4-Logo.png\",\"width\":1000,\"height\":500,\"caption\":\"Orbe Organics\"},\"image\":{\"@id\":\"https:\/\/pevan.eleves.mediamatique.ch\/orbe-organics\/#\/schema\/logo\/image\/\"},\"sameAs\":[\"https:\/\/fr-fr.facebook.com\/\",\"https:\/\/x.com\/Accueil\"]}]}<\/script>\n<!-- \/ Yoast SEO plugin. -->","yoast_head_json":{"title":"Reviews - Orbe Organics","robots":{"index":"index","follow":"follow","max-snippet":"max-snippet:-1","max-image-preview":"max-image-preview:large","max-video-preview":"max-video-preview:-1"},"canonical":"https:\/\/pevan.eleves.mediamatique.ch\/orbe-organics\/review\/","og_locale":"fr_FR","og_type":"article","og_title":"Reviews - Orbe Organics","og_description":"Reviews Ces reviews vous permettront de vous faire un premier avis sur nos articles et \u00e0 vous rendre compte si le produit propos\u00e9 vous sera utile. Ces avis ont \u00e9t\u00e9s r\u00e9dig\u00e9s par des personnes mandat\u00e9es pour donner leur avis et nous cr\u00e9er ces avis personnels.","og_url":"https:\/\/pevan.eleves.mediamatique.ch\/orbe-organics\/review\/","og_site_name":"Orbe Organics","article_publisher":"https:\/\/fr-fr.facebook.com\/","article_modified_time":"2024-06-21T13:29:05+00:00","og_image":[{"width":1000,"height":500,"url":"https:\/\/pevan.eleves.mediamatique.ch\/orbe-organics\/wp-content\/uploads\/2024\/06\/CIE-4-Logo.png","type":"image\/png"}],"twitter_card":"summary_large_image","twitter_site":"@Accueil","twitter_misc":{"Dur\u00e9e de lecture estim\u00e9e":"3 minutes"},"schema":{"@context":"https:\/\/schema.org","@graph":[{"@type":"WebPage","@id":"https:\/\/pevan.eleves.mediamatique.ch\/orbe-organics\/review\/","url":"https:\/\/pevan.eleves.mediamatique.ch\/orbe-organics\/review\/","name":"Reviews - Orbe Organics","isPartOf":{"@id":"https:\/\/pevan.eleves.mediamatique.ch\/orbe-organics\/#website"},"datePublished":"2024-06-21T10:11:01+00:00","dateModified":"2024-06-21T13:29:05+00:00","breadcrumb":{"@id":"https:\/\/pevan.eleves.mediamatique.ch\/orbe-organics\/review\/#breadcrumb"},"inLanguage":"fr-FR","potentialAction":[{"@type":"ReadAction","target":["https:\/\/pevan.eleves.mediamatique.ch\/orbe-organics\/review\/"]}]},{"@type":"BreadcrumbList","@id":"https:\/\/pevan.eleves.mediamatique.ch\/orbe-organics\/review\/#breadcrumb","itemListElement":[{"@type":"ListItem","position":1,"name":"Accueil","item":"https:\/\/pevan.eleves.mediamatique.ch\/orbe-organics\/"},{"@type":"ListItem","position":2,"name":"Reviews"}]},{"@type":"WebSite","@id":"https:\/\/pevan.eleves.mediamatique.ch\/orbe-organics\/#website","url":"https:\/\/pevan.eleves.mediamatique.ch\/orbe-organics\/","name":"Orbe Organics","description":"Nourrissez votre corps, nourrissez votre esprit !","publisher":{"@id":"https:\/\/pevan.eleves.mediamatique.ch\/orbe-organics\/#organization"},"alternateName":"O. Organics","potentialAction":[{"@type":"SearchAction","target":{"@type":"EntryPoint","urlTemplate":"https:\/\/pevan.eleves.mediamatique.ch\/orbe-organics\/?s={search_term_string}"},"query-input":"required name=search_term_string"}],"inLanguage":"fr-FR"},{"@type":"Organization","@id":"https:\/\/pevan.eleves.mediamatique.ch\/orbe-organics\/#organization","name":"Orbe Organics","url":"https:\/\/pevan.eleves.mediamatique.ch\/orbe-organics\/","logo":{"@type":"ImageObject","inLanguage":"fr-FR","@id":"https:\/\/pevan.eleves.mediamatique.ch\/orbe-organics\/#\/schema\/logo\/image\/","url":"https:\/\/pevan.eleves.mediamatique.ch\/orbe-organics\/wp-content\/uploads\/2024\/06\/cropped-CIE-4-Logo.png","contentUrl":"https:\/\/pevan.eleves.mediamatique.ch\/orbe-organics\/wp-content\/uploads\/2024\/06\/cropped-CIE-4-Logo.png","width":1000,"height":500,"caption":"Orbe Organics"},"image":{"@id":"https:\/\/pevan.eleves.mediamatique.ch\/orbe-organics\/#\/schema\/logo\/image\/"},"sameAs":["https:\/\/fr-fr.facebook.com\/","https:\/\/x.com\/Accueil"]}]}},"jetpack_sharing_enabled":true,"_links":{"self":[{"href":"https:\/\/pevan.eleves.mediamatique.ch\/orbe-organics\/wp-json\/wp\/v2\/pages\/329","targetHints":{"allow":["GET"]}}],"collection":[{"href":"https:\/\/pevan.eleves.mediamatique.ch\/orbe-organics\/wp-json\/wp\/v2\/pages"}],"about":[{"href":"https:\/\/pevan.eleves.mediamatique.ch\/orbe-organics\/wp-json\/wp\/v2\/types\/page"}],"author":[{"embeddable":true,"href":"https:\/\/pevan.eleves.mediamatique.ch\/orbe-organics\/wp-json\/wp\/v2\/users\/1"}],"replies":[{"embeddable":true,"href":"https:\/\/pevan.eleves.mediamatique.ch\/orbe-organics\/wp-json\/wp\/v2\/comments?post=329"}],"version-history":[{"count":8,"href":"https:\/\/pevan.eleves.mediamatique.ch\/orbe-organics\/wp-json\/wp\/v2\/pages\/329\/revisions"}],"predecessor-version":[{"id":362,"href":"https:\/\/pevan.eleves.mediamatique.ch\/orbe-organics\/wp-json\/wp\/v2\/pages\/329\/revisions\/362"}],"wp:attachment":[{"href":"https:\/\/pevan.eleves.mediamatique.ch\/orbe-organics\/wp-json\/wp\/v2\/media?parent=329"}],"curies":[{"name":"wp","href":"https:\/\/api.w.org\/{rel}","templated":true}]}}