{"id":106,"date":"2024-06-20T09:57:05","date_gmt":"2024-06-20T07:57:05","guid":{"rendered":"https:\/\/pevan.eleves.mediamatique.ch\/orbe-organics\/?post_type=product&#038;p=106"},"modified":"2024-06-20T14:32:14","modified_gmt":"2024-06-20T12:32:14","slug":"formation-nutritionnel","status":"publish","type":"product","link":"https:\/\/pevan.eleves.mediamatique.ch\/orbe-organics\/produit\/formation-nutritionnel\/","title":{"rendered":"Formation nutritionnel"},"content":{"rendered":"<p>Formation nutritionnel par un coach sportif et une di\u00e9t\u00e9ticienne directement dans nos locaux. Vous apprendrez \u00e0 combinez des aliments de toutes sortes selon vos habitudes alimentaires et vos pr\u00e9f\u00e9rences. Une partie sportive sera aussi prise en charge par notre coach sportif. Cette formation peut \u00eatre en cours du soir ou en journ\u00e9e.<\/p>\n","protected":false},"excerpt":{"rendered":"<p>Formation nutritionnel par un coach sportif et une di\u00e9t\u00e9ticienne directement dans nos locaux. Vous apprendrez \u00e0 combinez des aliments de toutes sortes selon vos habitudes alimentaires et vos pr\u00e9f\u00e9rences.<\/p>\n","protected":false},"featured_media":107,"comment_status":"open","ping_status":"closed","template":"","meta":[],"product_cat":[20],"product_tag":[],"class_list":{"0":"post-106","1":"product","2":"type-product","3":"status-publish","4":"has-post-thumbnail","6":"product_cat-formation","8":"first","9":"instock","10":"featured","11":"shipping-taxable","12":"purchasable","13":"product-type-variable"},"yoast_head":"<!-- This site is optimized with the Yoast SEO plugin v22.9 - https:\/\/yoast.com\/wordpress\/plugins\/seo\/ -->\n<title>Formation nutritionnel - Orbe Organics<\/title>\n<meta name=\"robots\" content=\"index, follow, max-snippet:-1, max-image-preview:large, max-video-preview:-1\" \/>\n<link rel=\"canonical\" href=\"https:\/\/pevan.eleves.mediamatique.ch\/orbe-organics\/produit\/formation-nutritionnel\/\" \/>\n<meta property=\"og:locale\" content=\"fr_FR\" \/>\n<meta property=\"og:type\" content=\"article\" \/>\n<meta property=\"og:title\" content=\"Formation nutritionnel - Orbe Organics\" \/>\n<meta property=\"og:description\" content=\"Formation nutritionnel par un coach sportif et une di\u00e9t\u00e9ticienne directement dans nos locaux. Vous apprendrez \u00e0 combinez des aliments de toutes sortes selon vos habitudes alimentaires et vos pr\u00e9f\u00e9rences.\" \/>\n<meta property=\"og:url\" content=\"https:\/\/pevan.eleves.mediamatique.ch\/orbe-organics\/produit\/formation-nutritionnel\/\" \/>\n<meta property=\"og:site_name\" content=\"Orbe Organics\" \/>\n<meta property=\"article:publisher\" content=\"https:\/\/fr-fr.facebook.com\/\" \/>\n<meta property=\"article:modified_time\" content=\"2024-06-20T12:32:14+00:00\" \/>\n<meta property=\"og:image\" content=\"https:\/\/pevan.eleves.mediamatique.ch\/orbe-organics\/wp-content\/uploads\/2024\/06\/dieteticienne-ou-une-nutritionniste-pour-maigrir.jpg\" \/>\n\t<meta property=\"og:image:width\" content=\"1152\" \/>\n\t<meta property=\"og:image:height\" content=\"768\" \/>\n\t<meta property=\"og:image:type\" content=\"image\/jpeg\" \/>\n<meta name=\"twitter:card\" content=\"summary_large_image\" \/>\n<meta name=\"twitter:site\" content=\"@Accueil\" \/>\n<script type=\"application\/ld+json\" class=\"yoast-schema-graph\">{\"@context\":\"https:\/\/schema.org\",\"@graph\":[{\"@type\":\"WebPage\",\"@id\":\"https:\/\/pevan.eleves.mediamatique.ch\/orbe-organics\/produit\/formation-nutritionnel\/\",\"url\":\"https:\/\/pevan.eleves.mediamatique.ch\/orbe-organics\/produit\/formation-nutritionnel\/\",\"name\":\"Formation nutritionnel - Orbe Organics\",\"isPartOf\":{\"@id\":\"https:\/\/pevan.eleves.mediamatique.ch\/orbe-organics\/#website\"},\"primaryImageOfPage\":{\"@id\":\"https:\/\/pevan.eleves.mediamatique.ch\/orbe-organics\/produit\/formation-nutritionnel\/#primaryimage\"},\"image\":{\"@id\":\"https:\/\/pevan.eleves.mediamatique.ch\/orbe-organics\/produit\/formation-nutritionnel\/#primaryimage\"},\"thumbnailUrl\":\"https:\/\/pevan.eleves.mediamatique.ch\/orbe-organics\/wp-content\/uploads\/2024\/06\/dieteticienne-ou-une-nutritionniste-pour-maigrir.jpg\",\"datePublished\":\"2024-06-20T07:57:05+00:00\",\"dateModified\":\"2024-06-20T12:32:14+00:00\",\"breadcrumb\":{\"@id\":\"https:\/\/pevan.eleves.mediamatique.ch\/orbe-organics\/produit\/formation-nutritionnel\/#breadcrumb\"},\"inLanguage\":\"fr-FR\",\"potentialAction\":[{\"@type\":\"ReadAction\",\"target\":[\"https:\/\/pevan.eleves.mediamatique.ch\/orbe-organics\/produit\/formation-nutritionnel\/\"]}]},{\"@type\":\"ImageObject\",\"inLanguage\":\"fr-FR\",\"@id\":\"https:\/\/pevan.eleves.mediamatique.ch\/orbe-organics\/produit\/formation-nutritionnel\/#primaryimage\",\"url\":\"https:\/\/pevan.eleves.mediamatique.ch\/orbe-organics\/wp-content\/uploads\/2024\/06\/dieteticienne-ou-une-nutritionniste-pour-maigrir.jpg\",\"contentUrl\":\"https:\/\/pevan.eleves.mediamatique.ch\/orbe-organics\/wp-content\/uploads\/2024\/06\/dieteticienne-ou-une-nutritionniste-pour-maigrir.jpg\",\"width\":1152,\"height\":768},{\"@type\":\"BreadcrumbList\",\"@id\":\"https:\/\/pevan.eleves.mediamatique.ch\/orbe-organics\/produit\/formation-nutritionnel\/#breadcrumb\",\"itemListElement\":[{\"@type\":\"ListItem\",\"position\":1,\"name\":\"Accueil\",\"item\":\"https:\/\/pevan.eleves.mediamatique.ch\/orbe-organics\/\"},{\"@type\":\"ListItem\",\"position\":2,\"name\":\"Boutique\",\"item\":\"https:\/\/pevan.eleves.mediamatique.ch\/orbe-organics\/boutique\/\"},{\"@type\":\"ListItem\",\"position\":3,\"name\":\"Formation nutritionnel\"}]},{\"@type\":\"WebSite\",\"@id\":\"https:\/\/pevan.eleves.mediamatique.ch\/orbe-organics\/#website\",\"url\":\"https:\/\/pevan.eleves.mediamatique.ch\/orbe-organics\/\",\"name\":\"Orbe Organics\",\"description\":\"Nourrissez votre corps, nourrissez votre esprit !\",\"publisher\":{\"@id\":\"https:\/\/pevan.eleves.mediamatique.ch\/orbe-organics\/#organization\"},\"alternateName\":\"O. Organics\",\"potentialAction\":[{\"@type\":\"SearchAction\",\"target\":{\"@type\":\"EntryPoint\",\"urlTemplate\":\"https:\/\/pevan.eleves.mediamatique.ch\/orbe-organics\/?s={search_term_string}\"},\"query-input\":\"required name=search_term_string\"}],\"inLanguage\":\"fr-FR\"},{\"@type\":\"Organization\",\"@id\":\"https:\/\/pevan.eleves.mediamatique.ch\/orbe-organics\/#organization\",\"name\":\"Orbe Organics\",\"url\":\"https:\/\/pevan.eleves.mediamatique.ch\/orbe-organics\/\",\"logo\":{\"@type\":\"ImageObject\",\"inLanguage\":\"fr-FR\",\"@id\":\"https:\/\/pevan.eleves.mediamatique.ch\/orbe-organics\/#\/schema\/logo\/image\/\",\"url\":\"https:\/\/pevan.eleves.mediamatique.ch\/orbe-organics\/wp-content\/uploads\/2024\/06\/cropped-CIE-4-Logo.png\",\"contentUrl\":\"https:\/\/pevan.eleves.mediamatique.ch\/orbe-organics\/wp-content\/uploads\/2024\/06\/cropped-CIE-4-Logo.png\",\"width\":1000,\"height\":500,\"caption\":\"Orbe Organics\"},\"image\":{\"@id\":\"https:\/\/pevan.eleves.mediamatique.ch\/orbe-organics\/#\/schema\/logo\/image\/\"},\"sameAs\":[\"https:\/\/fr-fr.facebook.com\/\",\"https:\/\/x.com\/Accueil\"]}]}<\/script>\n<!-- \/ Yoast SEO plugin. -->","yoast_head_json":{"title":"Formation nutritionnel - Orbe Organics","robots":{"index":"index","follow":"follow","max-snippet":"max-snippet:-1","max-image-preview":"max-image-preview:large","max-video-preview":"max-video-preview:-1"},"canonical":"https:\/\/pevan.eleves.mediamatique.ch\/orbe-organics\/produit\/formation-nutritionnel\/","og_locale":"fr_FR","og_type":"article","og_title":"Formation nutritionnel - Orbe Organics","og_description":"Formation nutritionnel par un coach sportif et une di\u00e9t\u00e9ticienne directement dans nos locaux. Vous apprendrez \u00e0 combinez des aliments de toutes sortes selon vos habitudes alimentaires et vos pr\u00e9f\u00e9rences.","og_url":"https:\/\/pevan.eleves.mediamatique.ch\/orbe-organics\/produit\/formation-nutritionnel\/","og_site_name":"Orbe Organics","article_publisher":"https:\/\/fr-fr.facebook.com\/","article_modified_time":"2024-06-20T12:32:14+00:00","og_image":[{"width":1152,"height":768,"url":"https:\/\/pevan.eleves.mediamatique.ch\/orbe-organics\/wp-content\/uploads\/2024\/06\/dieteticienne-ou-une-nutritionniste-pour-maigrir.jpg","type":"image\/jpeg"}],"twitter_card":"summary_large_image","twitter_site":"@Accueil","schema":{"@context":"https:\/\/schema.org","@graph":[{"@type":"WebPage","@id":"https:\/\/pevan.eleves.mediamatique.ch\/orbe-organics\/produit\/formation-nutritionnel\/","url":"https:\/\/pevan.eleves.mediamatique.ch\/orbe-organics\/produit\/formation-nutritionnel\/","name":"Formation nutritionnel - Orbe Organics","isPartOf":{"@id":"https:\/\/pevan.eleves.mediamatique.ch\/orbe-organics\/#website"},"primaryImageOfPage":{"@id":"https:\/\/pevan.eleves.mediamatique.ch\/orbe-organics\/produit\/formation-nutritionnel\/#primaryimage"},"image":{"@id":"https:\/\/pevan.eleves.mediamatique.ch\/orbe-organics\/produit\/formation-nutritionnel\/#primaryimage"},"thumbnailUrl":"https:\/\/pevan.eleves.mediamatique.ch\/orbe-organics\/wp-content\/uploads\/2024\/06\/dieteticienne-ou-une-nutritionniste-pour-maigrir.jpg","datePublished":"2024-06-20T07:57:05+00:00","dateModified":"2024-06-20T12:32:14+00:00","breadcrumb":{"@id":"https:\/\/pevan.eleves.mediamatique.ch\/orbe-organics\/produit\/formation-nutritionnel\/#breadcrumb"},"inLanguage":"fr-FR","potentialAction":[{"@type":"ReadAction","target":["https:\/\/pevan.eleves.mediamatique.ch\/orbe-organics\/produit\/formation-nutritionnel\/"]}]},{"@type":"ImageObject","inLanguage":"fr-FR","@id":"https:\/\/pevan.eleves.mediamatique.ch\/orbe-organics\/produit\/formation-nutritionnel\/#primaryimage","url":"https:\/\/pevan.eleves.mediamatique.ch\/orbe-organics\/wp-content\/uploads\/2024\/06\/dieteticienne-ou-une-nutritionniste-pour-maigrir.jpg","contentUrl":"https:\/\/pevan.eleves.mediamatique.ch\/orbe-organics\/wp-content\/uploads\/2024\/06\/dieteticienne-ou-une-nutritionniste-pour-maigrir.jpg","width":1152,"height":768},{"@type":"BreadcrumbList","@id":"https:\/\/pevan.eleves.mediamatique.ch\/orbe-organics\/produit\/formation-nutritionnel\/#breadcrumb","itemListElement":[{"@type":"ListItem","position":1,"name":"Accueil","item":"https:\/\/pevan.eleves.mediamatique.ch\/orbe-organics\/"},{"@type":"ListItem","position":2,"name":"Boutique","item":"https:\/\/pevan.eleves.mediamatique.ch\/orbe-organics\/boutique\/"},{"@type":"ListItem","position":3,"name":"Formation nutritionnel"}]},{"@type":"WebSite","@id":"https:\/\/pevan.eleves.mediamatique.ch\/orbe-organics\/#website","url":"https:\/\/pevan.eleves.mediamatique.ch\/orbe-organics\/","name":"Orbe Organics","description":"Nourrissez votre corps, nourrissez votre esprit !","publisher":{"@id":"https:\/\/pevan.eleves.mediamatique.ch\/orbe-organics\/#organization"},"alternateName":"O. Organics","potentialAction":[{"@type":"SearchAction","target":{"@type":"EntryPoint","urlTemplate":"https:\/\/pevan.eleves.mediamatique.ch\/orbe-organics\/?s={search_term_string}"},"query-input":"required name=search_term_string"}],"inLanguage":"fr-FR"},{"@type":"Organization","@id":"https:\/\/pevan.eleves.mediamatique.ch\/orbe-organics\/#organization","name":"Orbe Organics","url":"https:\/\/pevan.eleves.mediamatique.ch\/orbe-organics\/","logo":{"@type":"ImageObject","inLanguage":"fr-FR","@id":"https:\/\/pevan.eleves.mediamatique.ch\/orbe-organics\/#\/schema\/logo\/image\/","url":"https:\/\/pevan.eleves.mediamatique.ch\/orbe-organics\/wp-content\/uploads\/2024\/06\/cropped-CIE-4-Logo.png","contentUrl":"https:\/\/pevan.eleves.mediamatique.ch\/orbe-organics\/wp-content\/uploads\/2024\/06\/cropped-CIE-4-Logo.png","width":1000,"height":500,"caption":"Orbe Organics"},"image":{"@id":"https:\/\/pevan.eleves.mediamatique.ch\/orbe-organics\/#\/schema\/logo\/image\/"},"sameAs":["https:\/\/fr-fr.facebook.com\/","https:\/\/x.com\/Accueil"]}]}},"jetpack_sharing_enabled":true,"_links":{"self":[{"href":"https:\/\/pevan.eleves.mediamatique.ch\/orbe-organics\/wp-json\/wp\/v2\/product\/106","targetHints":{"allow":["GET"]}}],"collection":[{"href":"https:\/\/pevan.eleves.mediamatique.ch\/orbe-organics\/wp-json\/wp\/v2\/product"}],"about":[{"href":"https:\/\/pevan.eleves.mediamatique.ch\/orbe-organics\/wp-json\/wp\/v2\/types\/product"}],"replies":[{"embeddable":true,"href":"https:\/\/pevan.eleves.mediamatique.ch\/orbe-organics\/wp-json\/wp\/v2\/comments?post=106"}],"wp:featuredmedia":[{"embeddable":true,"href":"https:\/\/pevan.eleves.mediamatique.ch\/orbe-organics\/wp-json\/wp\/v2\/media\/107"}],"wp:attachment":[{"href":"https:\/\/pevan.eleves.mediamatique.ch\/orbe-organics\/wp-json\/wp\/v2\/media?parent=106"}],"wp:term":[{"taxonomy":"product_cat","embeddable":true,"href":"https:\/\/pevan.eleves.mediamatique.ch\/orbe-organics\/wp-json\/wp\/v2\/product_cat?post=106"},{"taxonomy":"product_tag","embeddable":true,"href":"https:\/\/pevan.eleves.mediamatique.ch\/orbe-organics\/wp-json\/wp\/v2\/product_tag?post=106"}],"curies":[{"name":"wp","href":"https:\/\/api.w.org\/{rel}","templated":true}]}}