{"id":127,"date":"2024-06-20T10:16:10","date_gmt":"2024-06-20T08:16:10","guid":{"rendered":"https:\/\/pevan.eleves.mediamatique.ch\/orbe-organics\/?post_type=product&#038;p=127"},"modified":"2024-09-08T20:58:45","modified_gmt":"2024-09-08T18:58:45","slug":"detox-foie-bio","status":"publish","type":"product","link":"https:\/\/pevan.eleves.mediamatique.ch\/orbe-organics\/produit\/detox-foie-bio\/","title":{"rendered":"D\u00e9tox Foie BIO"},"content":{"rendered":"<p><strong>\u00a0PUISSANT D\u00c9TOXIFIANT, DRAINEUR<\/strong> : notre Complexe Foie Bio contient des extraits d\u2019Artichaut Bio, de Radis Noir Bio et de Pissenlit Bio; des plantes aux vertues d\u00e9toxifiantes. Elles contribuent \u00e0 drainer l\u2019organisme en participant \u00e0 l\u2019\u00e9limination de l\u2019eau par les reins et en soutenant le foie. Cette association est donc id\u00e9ale dans le cadre d\u2019une cure d\u00e9tox, pour faciliter l\u2019\u00e9limination des toxines ou si vous souhaitez prendre soin de votre foie.<\/p>\n<p>Notre Complexe Foie Bio aide \u00e0 stimuler la production de fluides digestifs afin de participer au bon fonctionnement du foie et de la v\u00e9sicule biliaire. Gr\u00e2ce \u00e0 sa concentration en Pissenlit Bio, il sera \u00e9galement b\u00e9n\u00e9fique pour conserver un appareil urinaire sain. En effet, en aidant au drainage de l\u2019organisme, notre Complexe Foie Bio vous aidera \u00e0 conserver une vessie et des reins en bonne sant\u00e9.<\/p>\n","protected":false},"excerpt":{"rendered":"<p>Notre Complexe Foie Bio aide \u00e0 stimuler la production de fluides digestifs afin de participer au bon fonctionnement du foie et de la v\u00e9sicule biliaire. Gr\u00e2ce \u00e0 sa concentration en Pissenlit Bio, il sera \u00e9galement b\u00e9n\u00e9fique pour conserver un appareil urinaire sain. En effet, en aidant au drainage de l\u2019organisme, notre Complexe Foie Bio vous aidera \u00e0 conserver une vessie et des reins en bonne sant\u00e9.<\/p>\n","protected":false},"featured_media":128,"comment_status":"open","ping_status":"closed","template":"","meta":[],"product_cat":[19,23],"product_tag":[],"class_list":{"0":"post-127","1":"product","2":"type-product","3":"status-publish","4":"has-post-thumbnail","6":"product_cat-complement","7":"product_cat-gellule","9":"first","10":"instock","11":"shipping-taxable","12":"purchasable","13":"product-type-variable"},"yoast_head":"<!-- This site is optimized with the Yoast SEO plugin v22.9 - https:\/\/yoast.com\/wordpress\/plugins\/seo\/ -->\n<title>D\u00e9tox Foie BIO - Orbe Organics<\/title>\n<meta name=\"robots\" content=\"index, follow, max-snippet:-1, max-image-preview:large, max-video-preview:-1\" \/>\n<link rel=\"canonical\" href=\"https:\/\/pevan.eleves.mediamatique.ch\/orbe-organics\/produit\/detox-foie-bio\/\" \/>\n<meta property=\"og:locale\" content=\"fr_FR\" \/>\n<meta property=\"og:type\" content=\"article\" \/>\n<meta property=\"og:title\" content=\"D\u00e9tox Foie BIO - Orbe Organics\" \/>\n<meta property=\"og:description\" content=\"Notre Complexe Foie Bio aide \u00e0 stimuler la production de fluides digestifs afin de participer au bon fonctionnement du foie et de la v\u00e9sicule biliaire. Gr\u00e2ce \u00e0 sa concentration en Pissenlit Bio, il sera \u00e9galement b\u00e9n\u00e9fique pour conserver un appareil urinaire sain. En effet, en aidant au drainage de l\u2019organisme, notre Complexe Foie Bio vous aidera \u00e0 conserver une vessie et des reins en bonne sant\u00e9.\" \/>\n<meta property=\"og:url\" content=\"https:\/\/pevan.eleves.mediamatique.ch\/orbe-organics\/produit\/detox-foie-bio\/\" \/>\n<meta property=\"og:site_name\" content=\"Orbe Organics\" \/>\n<meta property=\"article:publisher\" content=\"https:\/\/fr-fr.facebook.com\/\" \/>\n<meta property=\"article:modified_time\" content=\"2024-09-08T18:58:45+00:00\" \/>\n<meta property=\"og:image\" content=\"https:\/\/pevan.eleves.mediamatique.ch\/orbe-organics\/wp-content\/uploads\/2024\/06\/61D88GWnxL._AC_SY550_.jpg\" \/>\n\t<meta property=\"og:image:width\" content=\"356\" \/>\n\t<meta property=\"og:image:height\" content=\"550\" \/>\n\t<meta property=\"og:image:type\" content=\"image\/jpeg\" \/>\n<meta name=\"twitter:card\" content=\"summary_large_image\" \/>\n<meta name=\"twitter:site\" content=\"@Accueil\" \/>\n<meta name=\"twitter:label1\" content=\"Dur\u00e9e de lecture estim\u00e9e\" \/>\n\t<meta name=\"twitter:data1\" content=\"1 minute\" \/>\n<script type=\"application\/ld+json\" class=\"yoast-schema-graph\">{\"@context\":\"https:\/\/schema.org\",\"@graph\":[{\"@type\":\"WebPage\",\"@id\":\"https:\/\/pevan.eleves.mediamatique.ch\/orbe-organics\/produit\/detox-foie-bio\/\",\"url\":\"https:\/\/pevan.eleves.mediamatique.ch\/orbe-organics\/produit\/detox-foie-bio\/\",\"name\":\"D\u00e9tox Foie BIO - Orbe Organics\",\"isPartOf\":{\"@id\":\"https:\/\/pevan.eleves.mediamatique.ch\/orbe-organics\/#website\"},\"primaryImageOfPage\":{\"@id\":\"https:\/\/pevan.eleves.mediamatique.ch\/orbe-organics\/produit\/detox-foie-bio\/#primaryimage\"},\"image\":{\"@id\":\"https:\/\/pevan.eleves.mediamatique.ch\/orbe-organics\/produit\/detox-foie-bio\/#primaryimage\"},\"thumbnailUrl\":\"https:\/\/pevan.eleves.mediamatique.ch\/orbe-organics\/wp-content\/uploads\/2024\/06\/61D88GWnxL._AC_SY550_.jpg\",\"datePublished\":\"2024-06-20T08:16:10+00:00\",\"dateModified\":\"2024-09-08T18:58:45+00:00\",\"breadcrumb\":{\"@id\":\"https:\/\/pevan.eleves.mediamatique.ch\/orbe-organics\/produit\/detox-foie-bio\/#breadcrumb\"},\"inLanguage\":\"fr-FR\",\"potentialAction\":[{\"@type\":\"ReadAction\",\"target\":[\"https:\/\/pevan.eleves.mediamatique.ch\/orbe-organics\/produit\/detox-foie-bio\/\"]}]},{\"@type\":\"ImageObject\",\"inLanguage\":\"fr-FR\",\"@id\":\"https:\/\/pevan.eleves.mediamatique.ch\/orbe-organics\/produit\/detox-foie-bio\/#primaryimage\",\"url\":\"https:\/\/pevan.eleves.mediamatique.ch\/orbe-organics\/wp-content\/uploads\/2024\/06\/61D88GWnxL._AC_SY550_.jpg\",\"contentUrl\":\"https:\/\/pevan.eleves.mediamatique.ch\/orbe-organics\/wp-content\/uploads\/2024\/06\/61D88GWnxL._AC_SY550_.jpg\",\"width\":356,\"height\":550},{\"@type\":\"BreadcrumbList\",\"@id\":\"https:\/\/pevan.eleves.mediamatique.ch\/orbe-organics\/produit\/detox-foie-bio\/#breadcrumb\",\"itemListElement\":[{\"@type\":\"ListItem\",\"position\":1,\"name\":\"Accueil\",\"item\":\"https:\/\/pevan.eleves.mediamatique.ch\/orbe-organics\/\"},{\"@type\":\"ListItem\",\"position\":2,\"name\":\"Boutique\",\"item\":\"https:\/\/pevan.eleves.mediamatique.ch\/orbe-organics\/boutique\/\"},{\"@type\":\"ListItem\",\"position\":3,\"name\":\"D\u00e9tox Foie BIO\"}]},{\"@type\":\"WebSite\",\"@id\":\"https:\/\/pevan.eleves.mediamatique.ch\/orbe-organics\/#website\",\"url\":\"https:\/\/pevan.eleves.mediamatique.ch\/orbe-organics\/\",\"name\":\"Orbe Organics\",\"description\":\"Nourrissez votre corps, nourrissez votre esprit !\",\"publisher\":{\"@id\":\"https:\/\/pevan.eleves.mediamatique.ch\/orbe-organics\/#organization\"},\"alternateName\":\"O. Organics\",\"potentialAction\":[{\"@type\":\"SearchAction\",\"target\":{\"@type\":\"EntryPoint\",\"urlTemplate\":\"https:\/\/pevan.eleves.mediamatique.ch\/orbe-organics\/?s={search_term_string}\"},\"query-input\":\"required name=search_term_string\"}],\"inLanguage\":\"fr-FR\"},{\"@type\":\"Organization\",\"@id\":\"https:\/\/pevan.eleves.mediamatique.ch\/orbe-organics\/#organization\",\"name\":\"Orbe Organics\",\"url\":\"https:\/\/pevan.eleves.mediamatique.ch\/orbe-organics\/\",\"logo\":{\"@type\":\"ImageObject\",\"inLanguage\":\"fr-FR\",\"@id\":\"https:\/\/pevan.eleves.mediamatique.ch\/orbe-organics\/#\/schema\/logo\/image\/\",\"url\":\"https:\/\/pevan.eleves.mediamatique.ch\/orbe-organics\/wp-content\/uploads\/2024\/06\/cropped-CIE-4-Logo.png\",\"contentUrl\":\"https:\/\/pevan.eleves.mediamatique.ch\/orbe-organics\/wp-content\/uploads\/2024\/06\/cropped-CIE-4-Logo.png\",\"width\":1000,\"height\":500,\"caption\":\"Orbe Organics\"},\"image\":{\"@id\":\"https:\/\/pevan.eleves.mediamatique.ch\/orbe-organics\/#\/schema\/logo\/image\/\"},\"sameAs\":[\"https:\/\/fr-fr.facebook.com\/\",\"https:\/\/x.com\/Accueil\"]}]}<\/script>\n<!-- \/ Yoast SEO plugin. -->","yoast_head_json":{"title":"D\u00e9tox Foie BIO - Orbe Organics","robots":{"index":"index","follow":"follow","max-snippet":"max-snippet:-1","max-image-preview":"max-image-preview:large","max-video-preview":"max-video-preview:-1"},"canonical":"https:\/\/pevan.eleves.mediamatique.ch\/orbe-organics\/produit\/detox-foie-bio\/","og_locale":"fr_FR","og_type":"article","og_title":"D\u00e9tox Foie BIO - Orbe Organics","og_description":"Notre Complexe Foie Bio aide \u00e0 stimuler la production de fluides digestifs afin de participer au bon fonctionnement du foie et de la v\u00e9sicule biliaire. Gr\u00e2ce \u00e0 sa concentration en Pissenlit Bio, il sera \u00e9galement b\u00e9n\u00e9fique pour conserver un appareil urinaire sain. En effet, en aidant au drainage de l\u2019organisme, notre Complexe Foie Bio vous aidera \u00e0 conserver une vessie et des reins en bonne sant\u00e9.","og_url":"https:\/\/pevan.eleves.mediamatique.ch\/orbe-organics\/produit\/detox-foie-bio\/","og_site_name":"Orbe Organics","article_publisher":"https:\/\/fr-fr.facebook.com\/","article_modified_time":"2024-09-08T18:58:45+00:00","og_image":[{"width":356,"height":550,"url":"https:\/\/pevan.eleves.mediamatique.ch\/orbe-organics\/wp-content\/uploads\/2024\/06\/61D88GWnxL._AC_SY550_.jpg","type":"image\/jpeg"}],"twitter_card":"summary_large_image","twitter_site":"@Accueil","twitter_misc":{"Dur\u00e9e de lecture estim\u00e9e":"1 minute"},"schema":{"@context":"https:\/\/schema.org","@graph":[{"@type":"WebPage","@id":"https:\/\/pevan.eleves.mediamatique.ch\/orbe-organics\/produit\/detox-foie-bio\/","url":"https:\/\/pevan.eleves.mediamatique.ch\/orbe-organics\/produit\/detox-foie-bio\/","name":"D\u00e9tox Foie BIO - Orbe Organics","isPartOf":{"@id":"https:\/\/pevan.eleves.mediamatique.ch\/orbe-organics\/#website"},"primaryImageOfPage":{"@id":"https:\/\/pevan.eleves.mediamatique.ch\/orbe-organics\/produit\/detox-foie-bio\/#primaryimage"},"image":{"@id":"https:\/\/pevan.eleves.mediamatique.ch\/orbe-organics\/produit\/detox-foie-bio\/#primaryimage"},"thumbnailUrl":"https:\/\/pevan.eleves.mediamatique.ch\/orbe-organics\/wp-content\/uploads\/2024\/06\/61D88GWnxL._AC_SY550_.jpg","datePublished":"2024-06-20T08:16:10+00:00","dateModified":"2024-09-08T18:58:45+00:00","breadcrumb":{"@id":"https:\/\/pevan.eleves.mediamatique.ch\/orbe-organics\/produit\/detox-foie-bio\/#breadcrumb"},"inLanguage":"fr-FR","potentialAction":[{"@type":"ReadAction","target":["https:\/\/pevan.eleves.mediamatique.ch\/orbe-organics\/produit\/detox-foie-bio\/"]}]},{"@type":"ImageObject","inLanguage":"fr-FR","@id":"https:\/\/pevan.eleves.mediamatique.ch\/orbe-organics\/produit\/detox-foie-bio\/#primaryimage","url":"https:\/\/pevan.eleves.mediamatique.ch\/orbe-organics\/wp-content\/uploads\/2024\/06\/61D88GWnxL._AC_SY550_.jpg","contentUrl":"https:\/\/pevan.eleves.mediamatique.ch\/orbe-organics\/wp-content\/uploads\/2024\/06\/61D88GWnxL._AC_SY550_.jpg","width":356,"height":550},{"@type":"BreadcrumbList","@id":"https:\/\/pevan.eleves.mediamatique.ch\/orbe-organics\/produit\/detox-foie-bio\/#breadcrumb","itemListElement":[{"@type":"ListItem","position":1,"name":"Accueil","item":"https:\/\/pevan.eleves.mediamatique.ch\/orbe-organics\/"},{"@type":"ListItem","position":2,"name":"Boutique","item":"https:\/\/pevan.eleves.mediamatique.ch\/orbe-organics\/boutique\/"},{"@type":"ListItem","position":3,"name":"D\u00e9tox Foie BIO"}]},{"@type":"WebSite","@id":"https:\/\/pevan.eleves.mediamatique.ch\/orbe-organics\/#website","url":"https:\/\/pevan.eleves.mediamatique.ch\/orbe-organics\/","name":"Orbe Organics","description":"Nourrissez votre corps, nourrissez votre esprit !","publisher":{"@id":"https:\/\/pevan.eleves.mediamatique.ch\/orbe-organics\/#organization"},"alternateName":"O. Organics","potentialAction":[{"@type":"SearchAction","target":{"@type":"EntryPoint","urlTemplate":"https:\/\/pevan.eleves.mediamatique.ch\/orbe-organics\/?s={search_term_string}"},"query-input":"required name=search_term_string"}],"inLanguage":"fr-FR"},{"@type":"Organization","@id":"https:\/\/pevan.eleves.mediamatique.ch\/orbe-organics\/#organization","name":"Orbe Organics","url":"https:\/\/pevan.eleves.mediamatique.ch\/orbe-organics\/","logo":{"@type":"ImageObject","inLanguage":"fr-FR","@id":"https:\/\/pevan.eleves.mediamatique.ch\/orbe-organics\/#\/schema\/logo\/image\/","url":"https:\/\/pevan.eleves.mediamatique.ch\/orbe-organics\/wp-content\/uploads\/2024\/06\/cropped-CIE-4-Logo.png","contentUrl":"https:\/\/pevan.eleves.mediamatique.ch\/orbe-organics\/wp-content\/uploads\/2024\/06\/cropped-CIE-4-Logo.png","width":1000,"height":500,"caption":"Orbe Organics"},"image":{"@id":"https:\/\/pevan.eleves.mediamatique.ch\/orbe-organics\/#\/schema\/logo\/image\/"},"sameAs":["https:\/\/fr-fr.facebook.com\/","https:\/\/x.com\/Accueil"]}]}},"jetpack_sharing_enabled":true,"_links":{"self":[{"href":"https:\/\/pevan.eleves.mediamatique.ch\/orbe-organics\/wp-json\/wp\/v2\/product\/127","targetHints":{"allow":["GET"]}}],"collection":[{"href":"https:\/\/pevan.eleves.mediamatique.ch\/orbe-organics\/wp-json\/wp\/v2\/product"}],"about":[{"href":"https:\/\/pevan.eleves.mediamatique.ch\/orbe-organics\/wp-json\/wp\/v2\/types\/product"}],"replies":[{"embeddable":true,"href":"https:\/\/pevan.eleves.mediamatique.ch\/orbe-organics\/wp-json\/wp\/v2\/comments?post=127"}],"wp:featuredmedia":[{"embeddable":true,"href":"https:\/\/pevan.eleves.mediamatique.ch\/orbe-organics\/wp-json\/wp\/v2\/media\/128"}],"wp:attachment":[{"href":"https:\/\/pevan.eleves.mediamatique.ch\/orbe-organics\/wp-json\/wp\/v2\/media?parent=127"}],"wp:term":[{"taxonomy":"product_cat","embeddable":true,"href":"https:\/\/pevan.eleves.mediamatique.ch\/orbe-organics\/wp-json\/wp\/v2\/product_cat?post=127"},{"taxonomy":"product_tag","embeddable":true,"href":"https:\/\/pevan.eleves.mediamatique.ch\/orbe-organics\/wp-json\/wp\/v2\/product_tag?post=127"}],"curies":[{"name":"wp","href":"https:\/\/api.w.org\/{rel}","templated":true}]}}