{"id":132,"date":"2024-06-20T10:20:34","date_gmt":"2024-06-20T08:20:34","guid":{"rendered":"https:\/\/pevan.eleves.mediamatique.ch\/orbe-organics\/?post_type=product&#038;p=132"},"modified":"2024-06-20T10:20:34","modified_gmt":"2024-06-20T08:20:34","slug":"vitamine-c","status":"publish","type":"product","link":"https:\/\/pevan.eleves.mediamatique.ch\/orbe-organics\/produit\/vitamine-c\/","title":{"rendered":"Vitamine C"},"content":{"rendered":"<p>Les fruits de l\u2019\u00e9glantier appel\u00e9s cynorrhodons sont gorg\u00e9s de vitamine C.<br \/>\nLe proc\u00e9d\u00e9 par fermentation sur sorbitol potentialise son assimilation et son action antioxydante.<\/p>\n<p>Notre corps ne sait pas synth\u00e9tiser la vitamine C et nos besoins quotidiens sont importants.<\/p>\n<p>Cette vitamine C naturelle dos\u00e9e \u00e0 50% est b\u00e9n\u00e9fique pour :<\/p>\n<p>\u2022 les stress\u00e9s, les fumeurs et les sportifs.<br \/>\n\u2022 la reconstruction du collag\u00e8ne (cicatrisation, fragilit\u00e9 des vaisseaux sanguins, troubles osseux, articulaires et dentaires).<br \/>\n\u2022 maintenir le fonctionnement normal du syst\u00e8me immunitaire pendant et apr\u00e8s un exercice physique intense. (<em>L\u2019effet b\u00e9n\u00e9fique est obtenu par la consommation journali\u00e8re de 200 mg en plus de la dose journali\u00e8re de vitamine C recommand\u00e9e).<\/em><br \/>\n\u2022 la reconstruction du collag\u00e8ne (cicatrisation, fragilit\u00e9 des vaisseaux sanguins, troubles osseux, articulaires et dentaires).<br \/>\n\u2022 contribuer \u00e0 un m\u00e9tabolisme \u00e9nerg\u00e9tique normal.<br \/>\n\u2022 contribuer au fonctionnement normal du syst\u00e8me nerveux.<br \/>\n\u2022 le fonctionnement normal du syst\u00e8me immunitaire.<br \/>\n\u2022 prot\u00e9ger les cellules contre le stress oxydatif.<br \/>\n\u2022 r\u00e9duire la fatigue.<br \/>\n\u2022 la r\u00e9g\u00e9n\u00e9ration de la forme r\u00e9duite de la vitamine E.<br \/>\n\u2022 accro\u00eetre l\u2019absorption de fer.<br \/>\n<em>A noter : pour toutes ces all\u00e9gations, il est n\u00e9cessaire d\u2019avoir un apport de minimum 15 % des AJR soit 5.33 mg\/jour.<\/em><\/p>\n","protected":false},"excerpt":{"rendered":"<p>Les fruits de l\u2019\u00e9glantier appel\u00e9s cynorrhodons sont gorg\u00e9s de vitamine C.<br \/>\nLe proc\u00e9d\u00e9 par fermentation sur sorbitol potentialise son assimilation et son action antioxydante.<\/p>\n","protected":false},"featured_media":133,"comment_status":"open","ping_status":"closed","template":"","meta":[],"product_cat":[19,23],"product_tag":[],"class_list":{"0":"post-132","1":"product","2":"type-product","3":"status-publish","4":"has-post-thumbnail","6":"product_cat-complement","7":"product_cat-gellule","9":"first","10":"instock","11":"shipping-taxable","12":"purchasable","13":"product-type-variable"},"yoast_head":"<!-- This site is optimized with the Yoast SEO plugin v22.9 - https:\/\/yoast.com\/wordpress\/plugins\/seo\/ -->\n<title>Vitamine C - Orbe Organics<\/title>\n<meta name=\"robots\" content=\"index, follow, max-snippet:-1, max-image-preview:large, max-video-preview:-1\" \/>\n<link rel=\"canonical\" href=\"https:\/\/pevan.eleves.mediamatique.ch\/orbe-organics\/produit\/vitamine-c\/\" \/>\n<meta property=\"og:locale\" content=\"fr_FR\" \/>\n<meta property=\"og:type\" content=\"article\" \/>\n<meta property=\"og:title\" content=\"Vitamine C - Orbe Organics\" \/>\n<meta property=\"og:description\" content=\"Les fruits de l\u2019\u00e9glantier appel\u00e9s cynorrhodons sont gorg\u00e9s de vitamine C. Le proc\u00e9d\u00e9 par fermentation sur sorbitol potentialise son assimilation et son action antioxydante.\" \/>\n<meta property=\"og:url\" content=\"https:\/\/pevan.eleves.mediamatique.ch\/orbe-organics\/produit\/vitamine-c\/\" \/>\n<meta property=\"og:site_name\" content=\"Orbe Organics\" \/>\n<meta property=\"article:publisher\" content=\"https:\/\/fr-fr.facebook.com\/\" \/>\n<meta property=\"og:image\" content=\"https:\/\/pevan.eleves.mediamatique.ch\/orbe-organics\/wp-content\/uploads\/2024\/06\/Vitamine-C-cynorrhodon-2021-08-dimension-site-web-light-bas-scaled-2.jpg\" \/>\n\t<meta property=\"og:image:width\" content=\"1948\" \/>\n\t<meta property=\"og:image:height\" content=\"2560\" \/>\n\t<meta property=\"og:image:type\" content=\"image\/jpeg\" \/>\n<meta name=\"twitter:card\" content=\"summary_large_image\" \/>\n<meta name=\"twitter:site\" content=\"@Accueil\" \/>\n<meta name=\"twitter:label1\" content=\"Dur\u00e9e de lecture estim\u00e9e\" \/>\n\t<meta name=\"twitter:data1\" content=\"1 minute\" \/>\n<script type=\"application\/ld+json\" class=\"yoast-schema-graph\">{\"@context\":\"https:\/\/schema.org\",\"@graph\":[{\"@type\":\"WebPage\",\"@id\":\"https:\/\/pevan.eleves.mediamatique.ch\/orbe-organics\/produit\/vitamine-c\/\",\"url\":\"https:\/\/pevan.eleves.mediamatique.ch\/orbe-organics\/produit\/vitamine-c\/\",\"name\":\"Vitamine C - Orbe Organics\",\"isPartOf\":{\"@id\":\"https:\/\/pevan.eleves.mediamatique.ch\/orbe-organics\/#website\"},\"primaryImageOfPage\":{\"@id\":\"https:\/\/pevan.eleves.mediamatique.ch\/orbe-organics\/produit\/vitamine-c\/#primaryimage\"},\"image\":{\"@id\":\"https:\/\/pevan.eleves.mediamatique.ch\/orbe-organics\/produit\/vitamine-c\/#primaryimage\"},\"thumbnailUrl\":\"https:\/\/pevan.eleves.mediamatique.ch\/orbe-organics\/wp-content\/uploads\/2024\/06\/Vitamine-C-cynorrhodon-2021-08-dimension-site-web-light-bas-scaled-2.jpg\",\"datePublished\":\"2024-06-20T08:20:34+00:00\",\"dateModified\":\"2024-06-20T08:20:34+00:00\",\"breadcrumb\":{\"@id\":\"https:\/\/pevan.eleves.mediamatique.ch\/orbe-organics\/produit\/vitamine-c\/#breadcrumb\"},\"inLanguage\":\"fr-FR\",\"potentialAction\":[{\"@type\":\"ReadAction\",\"target\":[\"https:\/\/pevan.eleves.mediamatique.ch\/orbe-organics\/produit\/vitamine-c\/\"]}]},{\"@type\":\"ImageObject\",\"inLanguage\":\"fr-FR\",\"@id\":\"https:\/\/pevan.eleves.mediamatique.ch\/orbe-organics\/produit\/vitamine-c\/#primaryimage\",\"url\":\"https:\/\/pevan.eleves.mediamatique.ch\/orbe-organics\/wp-content\/uploads\/2024\/06\/Vitamine-C-cynorrhodon-2021-08-dimension-site-web-light-bas-scaled-2.jpg\",\"contentUrl\":\"https:\/\/pevan.eleves.mediamatique.ch\/orbe-organics\/wp-content\/uploads\/2024\/06\/Vitamine-C-cynorrhodon-2021-08-dimension-site-web-light-bas-scaled-2.jpg\",\"width\":1948,\"height\":2560},{\"@type\":\"BreadcrumbList\",\"@id\":\"https:\/\/pevan.eleves.mediamatique.ch\/orbe-organics\/produit\/vitamine-c\/#breadcrumb\",\"itemListElement\":[{\"@type\":\"ListItem\",\"position\":1,\"name\":\"Accueil\",\"item\":\"https:\/\/pevan.eleves.mediamatique.ch\/orbe-organics\/\"},{\"@type\":\"ListItem\",\"position\":2,\"name\":\"Boutique\",\"item\":\"https:\/\/pevan.eleves.mediamatique.ch\/orbe-organics\/boutique\/\"},{\"@type\":\"ListItem\",\"position\":3,\"name\":\"Vitamine C\"}]},{\"@type\":\"WebSite\",\"@id\":\"https:\/\/pevan.eleves.mediamatique.ch\/orbe-organics\/#website\",\"url\":\"https:\/\/pevan.eleves.mediamatique.ch\/orbe-organics\/\",\"name\":\"Orbe Organics\",\"description\":\"Nourrissez votre corps, nourrissez votre esprit !\",\"publisher\":{\"@id\":\"https:\/\/pevan.eleves.mediamatique.ch\/orbe-organics\/#organization\"},\"alternateName\":\"O. Organics\",\"potentialAction\":[{\"@type\":\"SearchAction\",\"target\":{\"@type\":\"EntryPoint\",\"urlTemplate\":\"https:\/\/pevan.eleves.mediamatique.ch\/orbe-organics\/?s={search_term_string}\"},\"query-input\":\"required name=search_term_string\"}],\"inLanguage\":\"fr-FR\"},{\"@type\":\"Organization\",\"@id\":\"https:\/\/pevan.eleves.mediamatique.ch\/orbe-organics\/#organization\",\"name\":\"Orbe Organics\",\"url\":\"https:\/\/pevan.eleves.mediamatique.ch\/orbe-organics\/\",\"logo\":{\"@type\":\"ImageObject\",\"inLanguage\":\"fr-FR\",\"@id\":\"https:\/\/pevan.eleves.mediamatique.ch\/orbe-organics\/#\/schema\/logo\/image\/\",\"url\":\"https:\/\/pevan.eleves.mediamatique.ch\/orbe-organics\/wp-content\/uploads\/2024\/06\/cropped-CIE-4-Logo.png\",\"contentUrl\":\"https:\/\/pevan.eleves.mediamatique.ch\/orbe-organics\/wp-content\/uploads\/2024\/06\/cropped-CIE-4-Logo.png\",\"width\":1000,\"height\":500,\"caption\":\"Orbe Organics\"},\"image\":{\"@id\":\"https:\/\/pevan.eleves.mediamatique.ch\/orbe-organics\/#\/schema\/logo\/image\/\"},\"sameAs\":[\"https:\/\/fr-fr.facebook.com\/\",\"https:\/\/x.com\/Accueil\"]}]}<\/script>\n<!-- \/ Yoast SEO plugin. -->","yoast_head_json":{"title":"Vitamine C - Orbe Organics","robots":{"index":"index","follow":"follow","max-snippet":"max-snippet:-1","max-image-preview":"max-image-preview:large","max-video-preview":"max-video-preview:-1"},"canonical":"https:\/\/pevan.eleves.mediamatique.ch\/orbe-organics\/produit\/vitamine-c\/","og_locale":"fr_FR","og_type":"article","og_title":"Vitamine C - Orbe Organics","og_description":"Les fruits de l\u2019\u00e9glantier appel\u00e9s cynorrhodons sont gorg\u00e9s de vitamine C. Le proc\u00e9d\u00e9 par fermentation sur sorbitol potentialise son assimilation et son action antioxydante.","og_url":"https:\/\/pevan.eleves.mediamatique.ch\/orbe-organics\/produit\/vitamine-c\/","og_site_name":"Orbe Organics","article_publisher":"https:\/\/fr-fr.facebook.com\/","og_image":[{"width":1948,"height":2560,"url":"https:\/\/pevan.eleves.mediamatique.ch\/orbe-organics\/wp-content\/uploads\/2024\/06\/Vitamine-C-cynorrhodon-2021-08-dimension-site-web-light-bas-scaled-2.jpg","type":"image\/jpeg"}],"twitter_card":"summary_large_image","twitter_site":"@Accueil","twitter_misc":{"Dur\u00e9e de lecture estim\u00e9e":"1 minute"},"schema":{"@context":"https:\/\/schema.org","@graph":[{"@type":"WebPage","@id":"https:\/\/pevan.eleves.mediamatique.ch\/orbe-organics\/produit\/vitamine-c\/","url":"https:\/\/pevan.eleves.mediamatique.ch\/orbe-organics\/produit\/vitamine-c\/","name":"Vitamine C - Orbe Organics","isPartOf":{"@id":"https:\/\/pevan.eleves.mediamatique.ch\/orbe-organics\/#website"},"primaryImageOfPage":{"@id":"https:\/\/pevan.eleves.mediamatique.ch\/orbe-organics\/produit\/vitamine-c\/#primaryimage"},"image":{"@id":"https:\/\/pevan.eleves.mediamatique.ch\/orbe-organics\/produit\/vitamine-c\/#primaryimage"},"thumbnailUrl":"https:\/\/pevan.eleves.mediamatique.ch\/orbe-organics\/wp-content\/uploads\/2024\/06\/Vitamine-C-cynorrhodon-2021-08-dimension-site-web-light-bas-scaled-2.jpg","datePublished":"2024-06-20T08:20:34+00:00","dateModified":"2024-06-20T08:20:34+00:00","breadcrumb":{"@id":"https:\/\/pevan.eleves.mediamatique.ch\/orbe-organics\/produit\/vitamine-c\/#breadcrumb"},"inLanguage":"fr-FR","potentialAction":[{"@type":"ReadAction","target":["https:\/\/pevan.eleves.mediamatique.ch\/orbe-organics\/produit\/vitamine-c\/"]}]},{"@type":"ImageObject","inLanguage":"fr-FR","@id":"https:\/\/pevan.eleves.mediamatique.ch\/orbe-organics\/produit\/vitamine-c\/#primaryimage","url":"https:\/\/pevan.eleves.mediamatique.ch\/orbe-organics\/wp-content\/uploads\/2024\/06\/Vitamine-C-cynorrhodon-2021-08-dimension-site-web-light-bas-scaled-2.jpg","contentUrl":"https:\/\/pevan.eleves.mediamatique.ch\/orbe-organics\/wp-content\/uploads\/2024\/06\/Vitamine-C-cynorrhodon-2021-08-dimension-site-web-light-bas-scaled-2.jpg","width":1948,"height":2560},{"@type":"BreadcrumbList","@id":"https:\/\/pevan.eleves.mediamatique.ch\/orbe-organics\/produit\/vitamine-c\/#breadcrumb","itemListElement":[{"@type":"ListItem","position":1,"name":"Accueil","item":"https:\/\/pevan.eleves.mediamatique.ch\/orbe-organics\/"},{"@type":"ListItem","position":2,"name":"Boutique","item":"https:\/\/pevan.eleves.mediamatique.ch\/orbe-organics\/boutique\/"},{"@type":"ListItem","position":3,"name":"Vitamine C"}]},{"@type":"WebSite","@id":"https:\/\/pevan.eleves.mediamatique.ch\/orbe-organics\/#website","url":"https:\/\/pevan.eleves.mediamatique.ch\/orbe-organics\/","name":"Orbe Organics","description":"Nourrissez votre corps, nourrissez votre esprit !","publisher":{"@id":"https:\/\/pevan.eleves.mediamatique.ch\/orbe-organics\/#organization"},"alternateName":"O. Organics","potentialAction":[{"@type":"SearchAction","target":{"@type":"EntryPoint","urlTemplate":"https:\/\/pevan.eleves.mediamatique.ch\/orbe-organics\/?s={search_term_string}"},"query-input":"required name=search_term_string"}],"inLanguage":"fr-FR"},{"@type":"Organization","@id":"https:\/\/pevan.eleves.mediamatique.ch\/orbe-organics\/#organization","name":"Orbe Organics","url":"https:\/\/pevan.eleves.mediamatique.ch\/orbe-organics\/","logo":{"@type":"ImageObject","inLanguage":"fr-FR","@id":"https:\/\/pevan.eleves.mediamatique.ch\/orbe-organics\/#\/schema\/logo\/image\/","url":"https:\/\/pevan.eleves.mediamatique.ch\/orbe-organics\/wp-content\/uploads\/2024\/06\/cropped-CIE-4-Logo.png","contentUrl":"https:\/\/pevan.eleves.mediamatique.ch\/orbe-organics\/wp-content\/uploads\/2024\/06\/cropped-CIE-4-Logo.png","width":1000,"height":500,"caption":"Orbe Organics"},"image":{"@id":"https:\/\/pevan.eleves.mediamatique.ch\/orbe-organics\/#\/schema\/logo\/image\/"},"sameAs":["https:\/\/fr-fr.facebook.com\/","https:\/\/x.com\/Accueil"]}]}},"jetpack_sharing_enabled":true,"_links":{"self":[{"href":"https:\/\/pevan.eleves.mediamatique.ch\/orbe-organics\/wp-json\/wp\/v2\/product\/132","targetHints":{"allow":["GET"]}}],"collection":[{"href":"https:\/\/pevan.eleves.mediamatique.ch\/orbe-organics\/wp-json\/wp\/v2\/product"}],"about":[{"href":"https:\/\/pevan.eleves.mediamatique.ch\/orbe-organics\/wp-json\/wp\/v2\/types\/product"}],"replies":[{"embeddable":true,"href":"https:\/\/pevan.eleves.mediamatique.ch\/orbe-organics\/wp-json\/wp\/v2\/comments?post=132"}],"wp:featuredmedia":[{"embeddable":true,"href":"https:\/\/pevan.eleves.mediamatique.ch\/orbe-organics\/wp-json\/wp\/v2\/media\/133"}],"wp:attachment":[{"href":"https:\/\/pevan.eleves.mediamatique.ch\/orbe-organics\/wp-json\/wp\/v2\/media?parent=132"}],"wp:term":[{"taxonomy":"product_cat","embeddable":true,"href":"https:\/\/pevan.eleves.mediamatique.ch\/orbe-organics\/wp-json\/wp\/v2\/product_cat?post=132"},{"taxonomy":"product_tag","embeddable":true,"href":"https:\/\/pevan.eleves.mediamatique.ch\/orbe-organics\/wp-json\/wp\/v2\/product_tag?post=132"}],"curies":[{"name":"wp","href":"https:\/\/api.w.org\/{rel}","templated":true}]}}